{"id":1036,"date":"2025-07-21T09:48:06","date_gmt":"2025-07-21T09:48:06","guid":{"rendered":"https:\/\/mocnydom.pl\/?page_id=1036"},"modified":"2025-08-13T09:28:06","modified_gmt":"2025-08-13T09:28:06","slug":"dach","status":"publish","type":"page","link":"https:\/\/mocnydom.pl\/index.php\/dach\/","title":{"rendered":"Dach"},"content":{"rendered":"\t\t<div data-elementor-type=\"wp-page\" data-elementor-id=\"1036\" class=\"elementor elementor-1036\" data-elementor-post-type=\"page\">\n\t\t\t\t<div class=\"elementor-element elementor-element-29e1dc4 e-flex e-con-boxed e-con e-parent\" data-id=\"29e1dc4\" data-element_type=\"container\" data-e-type=\"container\" data-settings=\"{&quot;background_background&quot;:&quot;classic&quot;}\">\n\t\t\t\t\t<div class=\"e-con-inner\">\n\t\t<div class=\"elementor-element elementor-element-5cb2391 e-con-full e-flex e-con e-child\" data-id=\"5cb2391\" data-element_type=\"container\" data-e-type=\"container\">\n\t\t\t\t<div class=\"elementor-element elementor-element-910b191 elementor-widget elementor-widget-heading\" data-id=\"910b191\" data-element_type=\"widget\" data-e-type=\"widget\" data-widget_type=\"heading.default\">\n\t\t\t\t<div class=\"elementor-widget-container\">\n\t\t\t\t\t<h2 class=\"elementor-heading-title elementor-size-default\">\nWi\u0105zary dachowe \u2013 pewno\u015b\u0107 i precyzja<\/h2>\t\t\t\t<\/div>\n\t\t\t\t<\/div>\n\t\t\t\t<div class=\"elementor-element elementor-element-bd7ac63 elementor-widget elementor-widget-text-editor\" data-id=\"bd7ac63\" data-element_type=\"widget\" data-e-type=\"widget\" data-widget_type=\"text-editor.default\">\n\t\t\t\t<div class=\"elementor-widget-container\">\n\t\t\t\t\t\t\t\t\t<p data-start=\"171\" data-end=\"609\">Wi\u0105zary dachowe to precyzyjne, bezpieczne i trwa\u0142e rozwi\u0105zanie, kt\u00f3re coraz cz\u0119\u015bciej zast\u0119puje tradycyjn\u0105 wi\u0119\u017ab\u0119 dachow\u0105. Wykonuje si\u0119 je z\u00a0<strong data-start=\"311\" data-end=\"356\">drewna skandynawskiego suszonego komorowo<\/strong>, kt\u00f3re charakteryzuje si\u0119 wysok\u0105 stabilno\u015bci\u0105, nisk\u0105 wilgotno\u015bci\u0105 i odporno\u015bci\u0105 na odkszta\u0142cenia. Co wa\u017cne \u2013 takie drewno\u00a0<strong data-start=\"479\" data-end=\"527\">nie wymaga dodatkowej impregnacji chemicznej<\/strong>, poniewa\u017c ju\u017c samo suszenie zabezpiecza je przed ple\u015bni\u0105, grzybami i szkodnikami.<\/p><p data-start=\"611\" data-end=\"1076\" data-is-last-node=\"\" data-is-only-node=\"\">W przeciwie\u0144stwie do cz\u0119sto stosowanego w Polsce\u00a0<strong data-start=\"660\" data-end=\"690\">mokrego drewna budowlanego<\/strong>, kt\u00f3re mo\u017ce p\u0119ka\u0107, paczy\u0107 si\u0119 i sprzyja rozwojowi wilgoci oraz ple\u015bni, wi\u0105zary zapewniaj\u0105\u00a0<strong data-start=\"781\" data-end=\"841\">dok\u0142adno\u015b\u0107, przewidywalno\u015b\u0107 i bezpiecze\u0144stwo konstrukcji<\/strong>. To gotowe elementy projektowane komputerowo i dostarczane na plac budowy z dok\u0142adno\u015bci\u0105 do milimetra \u2013 co znacz\u0105co skraca czas budowy i eliminuje b\u0142\u0119dy monta\u017cowe.<br data-start=\"1005\" data-end=\"1008\" \/>Wybieraj\u0105c wi\u0105zary, wybierasz\u00a0<strong data-start=\"1038\" data-end=\"1075\" data-is-only-node=\"\">jako\u015b\u0107, trwa\u0142o\u015b\u0107 i spok\u00f3j na lata<\/strong>.<\/p>\t\t\t\t\t\t\t\t<\/div>\n\t\t\t\t<\/div>\n\t\t\t\t<\/div>\n\t\t<div class=\"elementor-element elementor-element-f486fd0 e-con-full e-flex e-con e-child\" data-id=\"f486fd0\" data-element_type=\"container\" data-e-type=\"container\">\n\t\t\t\t<div class=\"elementor-element elementor-element-71acd89 elementor-widget elementor-widget-image\" data-id=\"71acd89\" data-element_type=\"widget\" data-e-type=\"widget\" data-widget_type=\"image.default\">\n\t\t\t\t<div class=\"elementor-widget-container\">\n\t\t\t\t\t\t\t\t\t\t\t\t\t\t\t<img fetchpriority=\"high\" decoding=\"async\" width=\"576\" height=\"1024\" src=\"https:\/\/mocnydom.pl\/wp-content\/uploads\/2025\/07\/daniel-wiazry-4-576x1024.jpg\" class=\"attachment-large size-large wp-image-1032\" alt=\"\" srcset=\"https:\/\/mocnydom.pl\/wp-content\/uploads\/2025\/07\/daniel-wiazry-4-576x1024.jpg 576w, https:\/\/mocnydom.pl\/wp-content\/uploads\/2025\/07\/daniel-wiazry-4-169x300.jpg 169w, https:\/\/mocnydom.pl\/wp-content\/uploads\/2025\/07\/daniel-wiazry-4-768x1365.jpg 768w, https:\/\/mocnydom.pl\/wp-content\/uploads\/2025\/07\/daniel-wiazry-4-864x1536.jpg 864w, https:\/\/mocnydom.pl\/wp-content\/uploads\/2025\/07\/daniel-wiazry-4.jpg 1148w\" sizes=\"(max-width: 576px) 100vw, 576px\" \/>\t\t\t\t\t\t\t\t\t\t\t\t\t\t\t<\/div>\n\t\t\t\t<\/div>\n\t\t\t\t<\/div>\n\t\t<div class=\"elementor-element elementor-element-6181e99 e-con-full e-flex e-con e-child\" data-id=\"6181e99\" data-element_type=\"container\" data-e-type=\"container\">\n\t\t\t\t<div class=\"elementor-element elementor-element-d1ed0b9 elementor-widget elementor-widget-image\" data-id=\"d1ed0b9\" data-element_type=\"widget\" data-e-type=\"widget\" data-widget_type=\"image.default\">\n\t\t\t\t<div class=\"elementor-widget-container\">\n\t\t\t\t\t\t\t\t\t\t\t\t\t\t\t<img decoding=\"async\" width=\"576\" height=\"1024\" src=\"https:\/\/mocnydom.pl\/wp-content\/uploads\/2025\/07\/daniel-wiazry-3-576x1024.jpg\" class=\"attachment-large size-large wp-image-1025\" alt=\"\" srcset=\"https:\/\/mocnydom.pl\/wp-content\/uploads\/2025\/07\/daniel-wiazry-3-576x1024.jpg 576w, https:\/\/mocnydom.pl\/wp-content\/uploads\/2025\/07\/daniel-wiazry-3-169x300.jpg 169w, https:\/\/mocnydom.pl\/wp-content\/uploads\/2025\/07\/daniel-wiazry-3-768x1365.jpg 768w, https:\/\/mocnydom.pl\/wp-content\/uploads\/2025\/07\/daniel-wiazry-3-864x1536.jpg 864w, https:\/\/mocnydom.pl\/wp-content\/uploads\/2025\/07\/daniel-wiazry-3.jpg 1148w\" sizes=\"(max-width: 576px) 100vw, 576px\" \/>\t\t\t\t\t\t\t\t\t\t\t\t\t\t\t<\/div>\n\t\t\t\t<\/div>\n\t\t\t\t<\/div>\n\t\t<div class=\"elementor-element elementor-element-caf37ab e-con-full e-flex e-con e-child\" data-id=\"caf37ab\" data-element_type=\"container\" data-e-type=\"container\">\n\t\t\t\t<div class=\"elementor-element elementor-element-15f7a5b elementor-widget elementor-widget-image\" data-id=\"15f7a5b\" data-element_type=\"widget\" data-e-type=\"widget\" data-widget_type=\"image.default\">\n\t\t\t\t<div class=\"elementor-widget-container\">\n\t\t\t\t\t\t\t\t\t\t\t\t\t\t\t<img decoding=\"async\" width=\"576\" height=\"1024\" src=\"https:\/\/mocnydom.pl\/wp-content\/uploads\/2025\/07\/krepa-sciana-drewno-576x1024.jpg\" class=\"attachment-large size-large wp-image-1024\" alt=\"\" srcset=\"https:\/\/mocnydom.pl\/wp-content\/uploads\/2025\/07\/krepa-sciana-drewno-576x1024.jpg 576w, https:\/\/mocnydom.pl\/wp-content\/uploads\/2025\/07\/krepa-sciana-drewno-169x300.jpg 169w, https:\/\/mocnydom.pl\/wp-content\/uploads\/2025\/07\/krepa-sciana-drewno-768x1365.jpg 768w, https:\/\/mocnydom.pl\/wp-content\/uploads\/2025\/07\/krepa-sciana-drewno-864x1536.jpg 864w, https:\/\/mocnydom.pl\/wp-content\/uploads\/2025\/07\/krepa-sciana-drewno.jpg 1148w\" sizes=\"(max-width: 576px) 100vw, 576px\" \/>\t\t\t\t\t\t\t\t\t\t\t\t\t\t\t<\/div>\n\t\t\t\t<\/div>\n\t\t\t\t<\/div>\n\t\t\t\t\t<\/div>\n\t\t\t\t<\/div>\n\t\t\t\t<\/div>\n\t\t","protected":false},"excerpt":{"rendered":"<p>Wi\u0105zary dachowe \u2013 pewno\u015b\u0107 i precyzja Wi\u0105zary dachowe to precyzyjne, bezpieczne i trwa\u0142e rozwi\u0105zanie, kt\u00f3re coraz cz\u0119\u015bciej zast\u0119puje tradycyjn\u0105 wi\u0119\u017ab\u0119 [&hellip;]<\/p>\n","protected":false},"author":1,"featured_media":0,"parent":0,"menu_order":0,"comment_status":"closed","ping_status":"closed","template":"","meta":{"site-sidebar-layout":"no-sidebar","site-content-layout":"","ast-site-content-layout":"full-width-container","site-content-style":"default","site-sidebar-style":"default","ast-global-header-display":"","ast-banner-title-visibility":"","ast-main-header-display":"","ast-hfb-above-header-display":"","ast-hfb-below-header-display":"","ast-hfb-mobile-header-display":"","site-post-title":"disabled","ast-breadcrumbs-content":"","ast-featured-img":"disabled","footer-sml-layout":"","ast-disable-related-posts":"","theme-transparent-header-meta":"","adv-header-id-meta":"","stick-header-meta":"","header-above-stick-meta":"","header-main-stick-meta":"","header-below-stick-meta":"","astra-migrate-meta-layouts":"default","ast-page-background-enabled":"default","ast-page-background-meta":{"desktop":{"background-color":"var(--ast-global-color-5)","background-image":"","background-repeat":"repeat","background-position":"center center","background-size":"auto","background-attachment":"scroll","background-type":"","background-media":"","overlay-type":"","overlay-color":"","overlay-opacity":"","overlay-gradient":""},"tablet":{"background-color":"","background-image":"","background-repeat":"repeat","background-position":"center center","background-size":"auto","background-attachment":"scroll","background-type":"","background-media":"","overlay-type":"","overlay-color":"","overlay-opacity":"","overlay-gradient":""},"mobile":{"background-color":"","background-image":"","background-repeat":"repeat","background-position":"center center","background-size":"auto","background-attachment":"scroll","background-type":"","background-media":"","overlay-type":"","overlay-color":"","overlay-opacity":"","overlay-gradient":""}},"ast-content-background-meta":{"desktop":{"background-color":"var(--ast-global-color-4)","background-image":"","background-repeat":"repeat","background-position":"center center","background-size":"auto","background-attachment":"scroll","background-type":"","background-media":"","overlay-type":"","overlay-color":"","overlay-opacity":"","overlay-gradient":""},"tablet":{"background-color":"var(--ast-global-color-4)","background-image":"","background-repeat":"repeat","background-position":"center center","background-size":"auto","background-attachment":"scroll","background-type":"","background-media":"","overlay-type":"","overlay-color":"","overlay-opacity":"","overlay-gradient":""},"mobile":{"background-color":"var(--ast-global-color-4)","background-image":"","background-repeat":"repeat","background-position":"center center","background-size":"auto","background-attachment":"scroll","background-type":"","background-media":"","overlay-type":"","overlay-color":"","overlay-opacity":"","overlay-gradient":""}},"footnotes":""},"class_list":["post-1036","page","type-page","status-publish","hentry"],"_links":{"self":[{"href":"https:\/\/mocnydom.pl\/index.php\/wp-json\/wp\/v2\/pages\/1036","targetHints":{"allow":["GET"]}}],"collection":[{"href":"https:\/\/mocnydom.pl\/index.php\/wp-json\/wp\/v2\/pages"}],"about":[{"href":"https:\/\/mocnydom.pl\/index.php\/wp-json\/wp\/v2\/types\/page"}],"author":[{"embeddable":true,"href":"https:\/\/mocnydom.pl\/index.php\/wp-json\/wp\/v2\/users\/1"}],"replies":[{"embeddable":true,"href":"https:\/\/mocnydom.pl\/index.php\/wp-json\/wp\/v2\/comments?post=1036"}],"version-history":[{"count":11,"href":"https:\/\/mocnydom.pl\/index.php\/wp-json\/wp\/v2\/pages\/1036\/revisions"}],"predecessor-version":[{"id":1323,"href":"https:\/\/mocnydom.pl\/index.php\/wp-json\/wp\/v2\/pages\/1036\/revisions\/1323"}],"wp:attachment":[{"href":"https:\/\/mocnydom.pl\/index.php\/wp-json\/wp\/v2\/media?parent=1036"}],"curies":[{"name":"wp","href":"https:\/\/api.w.org\/{rel}","templated":true}]}}