{"id":26,"date":"2025-03-27T09:04:16","date_gmt":"2025-03-27T09:04:16","guid":{"rendered":"https:\/\/www.domyilasy.pl\/?page_id=26"},"modified":"2025-08-13T16:31:46","modified_gmt":"2025-08-13T16:31:46","slug":"o-nas","status":"publish","type":"page","link":"https:\/\/mocnydom.pl\/index.php\/o-nas\/","title":{"rendered":"O NAS"},"content":{"rendered":"\t\t<div data-elementor-type=\"wp-page\" data-elementor-id=\"26\" class=\"elementor elementor-26\" data-elementor-post-type=\"page\">\n\t\t\t\t<div class=\"elementor-element elementor-element-1c140235 e-con-full e-flex e-con e-parent\" data-id=\"1c140235\" data-element_type=\"container\" data-e-type=\"container\" data-settings=\"{&quot;background_background&quot;:&quot;classic&quot;}\">\n\t\t<div class=\"elementor-element elementor-element-6e3c02cf e-con-full e-flex e-con e-child\" data-id=\"6e3c02cf\" data-element_type=\"container\" data-e-type=\"container\">\n\t\t\t\t<div class=\"elementor-element elementor-element-7d9ec87d elementor-widget elementor-widget-heading\" data-id=\"7d9ec87d\" data-element_type=\"widget\" data-e-type=\"widget\" data-widget_type=\"heading.default\">\n\t\t\t\t<div class=\"elementor-widget-container\">\n\t\t\t\t\t<h2 class=\"elementor-heading-title elementor-size-default\">O NAS<\/h2>\t\t\t\t<\/div>\n\t\t\t\t<\/div>\n\t\t\t\t<div class=\"elementor-element elementor-element-99c880c elementor-invisible elementor-widget elementor-widget-heading\" data-id=\"99c880c\" data-element_type=\"widget\" data-e-type=\"widget\" data-settings=\"{&quot;_animation&quot;:&quot;fadeInLeft&quot;}\" data-widget_type=\"heading.default\">\n\t\t\t\t<div class=\"elementor-widget-container\">\n\t\t\t\t\t<h3 class=\"elementor-heading-title elementor-size-default\">Budujemy domy, w kt\u00f3rych mo\u017cna spokojnie \u017cy\u0107 przez pokolenia.\n<\/h3>\t\t\t\t<\/div>\n\t\t\t\t<\/div>\n\t\t\t\t<div class=\"elementor-element elementor-element-4d9c9a4f elementor-invisible elementor-widget elementor-widget-text-editor\" data-id=\"4d9c9a4f\" data-element_type=\"widget\" data-e-type=\"widget\" data-settings=\"{&quot;_animation&quot;:&quot;fadeInLeft&quot;}\" data-widget_type=\"text-editor.default\">\n\t\t\t\t<div class=\"elementor-widget-container\">\n\t\t\t\t\t\t\t\t\t<p data-start=\"463\" data-end=\"500\"><strong data-start=\"236\" data-end=\"251\">Mocnydom.pl<\/strong> to lokalna firma z Podkarpacia, dzia\u0142aj\u0105ca g\u0142\u00f3wnie w promieniu 100 km od Sanoka. Znamy tutejsze warunki, klimat i potrzeby mieszka\u0144c\u00f3w \u2013 dlatego ka\u017cda nasza realizacja jest przemy\u015blana od fundamentu po dach.<\/p>\t\t\t\t\t\t\t\t<\/div>\n\t\t\t\t<\/div>\n\t\t\t\t<div class=\"elementor-element elementor-element-14aa914 elementor-invisible elementor-widget elementor-widget-text-editor\" data-id=\"14aa914\" data-element_type=\"widget\" data-e-type=\"widget\" data-settings=\"{&quot;_animation&quot;:&quot;fadeInLeft&quot;}\" data-widget_type=\"text-editor.default\">\n\t\t\t\t<div class=\"elementor-widget-container\">\n\t\t\t\t\t\t\t\t\t<p data-start=\"463\" data-end=\"500\">Specjalizujemy si\u0119 w budowie dom\u00f3w:<\/p><ul data-start=\"501\" data-end=\"569\"><li data-start=\"501\" data-end=\"532\"><p data-start=\"503\" data-end=\"532\">w technologii szkieletowej,<\/p><\/li><li data-start=\"533\" data-end=\"569\"><p data-start=\"535\" data-end=\"569\">murowanych z betonu kom\u00f3rkowego.<\/p><\/li><\/ul><p data-start=\"571\" data-end=\"768\">Oferujemy gotowe projekty od 69 m\u00b2 do 115 m\u00b2 \u2013 <strong>funkcjonalne, energooszcz\u0119dne, dopasowane do codziennego \u017cycia.\u00a0<\/strong><\/p><p data-start=\"770\" data-end=\"788\"><strong data-start=\"770\" data-end=\"786\">Dlaczego my?<\/strong><\/p><ul data-start=\"789\" data-end=\"1015\"><li data-start=\"789\" data-end=\"854\"><p data-start=\"791\" data-end=\"854\">Jeste\u015bmy <strong data-start=\"800\" data-end=\"813\">konkretni<\/strong> \u2013 ustalamy terminy i dotrzymujemy ich.<\/p><\/li><li data-start=\"855\" data-end=\"936\"><p data-start=\"857\" data-end=\"936\">Jeste\u015bmy <strong data-start=\"866\" data-end=\"877\">solidni<\/strong> \u2013 stawiamy na sprawdzone materia\u0142y i rzetelne wykonanie.<\/p><\/li><li data-start=\"937\" data-end=\"1015\"><p data-start=\"939\" data-end=\"1015\">Jeste\u015bmy <strong data-start=\"948\" data-end=\"959\">lokalni<\/strong> \u2013 \u0142atwo si\u0119 z nami skontaktowa\u0107 i spotka\u0107 w biurze.<\/p><\/li><\/ul><p data-start=\"1017\" data-end=\"1151\">U nas nie ma pustych obietnic \u2013 jest praca, kt\u00f3r\u0105 wida\u0107 i kt\u00f3rej mo\u017cna dotkn\u0105\u0107. Tw\u00f3j dom budujemy tak, jakby\u015bmy budowali dla siebie i swojej rodziny.<\/p>\t\t\t\t\t\t\t\t<\/div>\n\t\t\t\t<\/div>\n\t\t\t\t<div class=\"elementor-element elementor-element-5fe4f2d2 elementor-invisible elementor-widget elementor-widget-image\" data-id=\"5fe4f2d2\" data-element_type=\"widget\" data-e-type=\"widget\" data-settings=\"{&quot;_animation&quot;:&quot;fadeInLeft&quot;}\" data-widget_type=\"image.default\">\n\t\t\t\t<div class=\"elementor-widget-container\">\n\t\t\t\t\t\t\t\t\t\t\t\t\t\t\t<img fetchpriority=\"high\" decoding=\"async\" width=\"576\" height=\"1024\" src=\"https:\/\/mocnydom.pl\/wp-content\/uploads\/2025\/07\/krepa-sciana-drewno-576x1024.jpg\" class=\"attachment-large size-large wp-image-1024\" alt=\"\" srcset=\"https:\/\/mocnydom.pl\/wp-content\/uploads\/2025\/07\/krepa-sciana-drewno-576x1024.jpg 576w, https:\/\/mocnydom.pl\/wp-content\/uploads\/2025\/07\/krepa-sciana-drewno-169x300.jpg 169w, https:\/\/mocnydom.pl\/wp-content\/uploads\/2025\/07\/krepa-sciana-drewno-768x1365.jpg 768w, https:\/\/mocnydom.pl\/wp-content\/uploads\/2025\/07\/krepa-sciana-drewno-864x1536.jpg 864w, https:\/\/mocnydom.pl\/wp-content\/uploads\/2025\/07\/krepa-sciana-drewno.jpg 1148w\" sizes=\"(max-width: 576px) 100vw, 576px\" \/>\t\t\t\t\t\t\t\t\t\t\t\t\t\t\t<\/div>\n\t\t\t\t<\/div>\n\t\t\t\t<\/div>\n\t\t<div class=\"elementor-element elementor-element-713169 e-con-full e-flex elementor-invisible e-con e-child\" data-id=\"713169\" data-element_type=\"container\" data-e-type=\"container\" data-settings=\"{&quot;background_background&quot;:&quot;classic&quot;,&quot;animation&quot;:&quot;fadeInRight&quot;}\">\n\t\t\t\t<\/div>\n\t\t\t\t<\/div>\n\t\t\t\t<\/div>\n\t\t","protected":false},"excerpt":{"rendered":"<p>O NAS Budujemy domy, w kt\u00f3rych mo\u017cna spokojnie \u017cy\u0107 przez pokolenia. Mocnydom.pl to lokalna firma z Podkarpacia, dzia\u0142aj\u0105ca g\u0142\u00f3wnie w [&hellip;]<\/p>\n","protected":false},"author":1,"featured_media":0,"parent":0,"menu_order":0,"comment_status":"closed","ping_status":"closed","template":"","meta":{"site-sidebar-layout":"no-sidebar","site-content-layout":"","ast-site-content-layout":"full-width-container","site-content-style":"default","site-sidebar-style":"default","ast-global-header-display":"","ast-banner-title-visibility":"","ast-main-header-display":"","ast-hfb-above-header-display":"","ast-hfb-below-header-display":"","ast-hfb-mobile-header-display":"","site-post-title":"disabled","ast-breadcrumbs-content":"","ast-featured-img":"disabled","footer-sml-layout":"","ast-disable-related-posts":"","theme-transparent-header-meta":"","adv-header-id-meta":"","stick-header-meta":"","header-above-stick-meta":"","header-main-stick-meta":"","header-below-stick-meta":"","astra-migrate-meta-layouts":"default","ast-page-background-enabled":"default","ast-page-background-meta":{"desktop":{"background-color":"var(--ast-global-color-5)","background-image":"","background-repeat":"repeat","background-position":"center center","background-size":"auto","background-attachment":"scroll","background-type":"","background-media":"","overlay-type":"","overlay-color":"","overlay-opacity":"","overlay-gradient":""},"tablet":{"background-color":"","background-image":"","background-repeat":"repeat","background-position":"center center","background-size":"auto","background-attachment":"scroll","background-type":"","background-media":"","overlay-type":"","overlay-color":"","overlay-opacity":"","overlay-gradient":""},"mobile":{"background-color":"","background-image":"","background-repeat":"repeat","background-position":"center center","background-size":"auto","background-attachment":"scroll","background-type":"","background-media":"","overlay-type":"","overlay-color":"","overlay-opacity":"","overlay-gradient":""}},"ast-content-background-meta":{"desktop":{"background-color":"var(--ast-global-color-4)","background-image":"","background-repeat":"repeat","background-position":"center center","background-size":"auto","background-attachment":"scroll","background-type":"","background-media":"","overlay-type":"","overlay-color":"","overlay-opacity":"","overlay-gradient":""},"tablet":{"background-color":"var(--ast-global-color-4)","background-image":"","background-repeat":"repeat","background-position":"center center","background-size":"auto","background-attachment":"scroll","background-type":"","background-media":"","overlay-type":"","overlay-color":"","overlay-opacity":"","overlay-gradient":""},"mobile":{"background-color":"var(--ast-global-color-4)","background-image":"","background-repeat":"repeat","background-position":"center center","background-size":"auto","background-attachment":"scroll","background-type":"","background-media":"","overlay-type":"","overlay-color":"","overlay-opacity":"","overlay-gradient":""}},"footnotes":""},"class_list":["post-26","page","type-page","status-publish","hentry"],"_links":{"self":[{"href":"https:\/\/mocnydom.pl\/index.php\/wp-json\/wp\/v2\/pages\/26","targetHints":{"allow":["GET"]}}],"collection":[{"href":"https:\/\/mocnydom.pl\/index.php\/wp-json\/wp\/v2\/pages"}],"about":[{"href":"https:\/\/mocnydom.pl\/index.php\/wp-json\/wp\/v2\/types\/page"}],"author":[{"embeddable":true,"href":"https:\/\/mocnydom.pl\/index.php\/wp-json\/wp\/v2\/users\/1"}],"replies":[{"embeddable":true,"href":"https:\/\/mocnydom.pl\/index.php\/wp-json\/wp\/v2\/comments?post=26"}],"version-history":[{"count":14,"href":"https:\/\/mocnydom.pl\/index.php\/wp-json\/wp\/v2\/pages\/26\/revisions"}],"predecessor-version":[{"id":1383,"href":"https:\/\/mocnydom.pl\/index.php\/wp-json\/wp\/v2\/pages\/26\/revisions\/1383"}],"wp:attachment":[{"href":"https:\/\/mocnydom.pl\/index.php\/wp-json\/wp\/v2\/media?parent=26"}],"curies":[{"name":"wp","href":"https:\/\/api.w.org\/{rel}","templated":true}]}}