{"id":331,"date":"2025-05-21T15:46:33","date_gmt":"2025-05-21T15:46:33","guid":{"rendered":"https:\/\/mocnydom.pl\/?page_id=331"},"modified":"2026-02-02T11:07:30","modified_gmt":"2026-02-02T11:07:30","slug":"dom-a","status":"publish","type":"page","link":"https:\/\/mocnydom.pl\/index.php\/dom-a\/","title":{"rendered":"PRZYTULNY"},"content":{"rendered":"\t\t<div data-elementor-type=\"wp-page\" data-elementor-id=\"331\" class=\"elementor elementor-331\" data-elementor-post-type=\"page\">\n\t\t\t\t<div class=\"elementor-element elementor-element-1653cd9c e-con-full e-flex e-con e-parent\" data-id=\"1653cd9c\" data-element_type=\"container\" data-e-type=\"container\" data-settings=\"{&quot;background_background&quot;:&quot;classic&quot;}\">\n\t\t<div class=\"elementor-element elementor-element-5f1e87 e-con-full e-flex e-con e-child\" data-id=\"5f1e87\" data-element_type=\"container\" data-e-type=\"container\">\n\t\t\t\t<div class=\"elementor-element elementor-element-75780029 elementor-widget elementor-widget-heading\" data-id=\"75780029\" data-element_type=\"widget\" data-e-type=\"widget\" data-widget_type=\"heading.default\">\n\t\t\t\t<div class=\"elementor-widget-container\">\n\t\t\t\t\t<h3 class=\"elementor-heading-title elementor-size-default\">Zobacz opis szczeg\u00f3\u0142owy projektu \n<br>PRZYTULNY 69 <\/h3>\t\t\t\t<\/div>\n\t\t\t\t<\/div>\n\t\t\t\t<div class=\"elementor-element elementor-element-25a8628 elementor-widget elementor-widget-image\" data-id=\"25a8628\" data-element_type=\"widget\" data-e-type=\"widget\" data-widget_type=\"image.default\">\n\t\t\t\t<div class=\"elementor-widget-container\">\n\t\t\t\t\t\t\t\t\t\t\t\t\t\t\t\t<a href=\"https:\/\/mocnydom.pl\/wp-content\/uploads\/2026\/01\/przytulny-69.png\" data-elementor-open-lightbox=\"yes\" data-elementor-lightbox-title=\"przytulny 69\" data-e-action-hash=\"#elementor-action%3Aaction%3Dlightbox%26settings%3DeyJpZCI6MTcyNiwidXJsIjoiaHR0cHM6XC9cL21vY255ZG9tLnBsXC93cC1jb250ZW50XC91cGxvYWRzXC8yMDI2XC8wMVwvcHJ6eXR1bG55LTY5LnBuZyJ9\">\n\t\t\t\t\t\t\t<img fetchpriority=\"high\" decoding=\"async\" width=\"1024\" height=\"683\" src=\"https:\/\/mocnydom.pl\/wp-content\/uploads\/2026\/01\/przytulny-69-1024x683.png\" class=\"attachment-large size-large wp-image-1726\" alt=\"\" srcset=\"https:\/\/mocnydom.pl\/wp-content\/uploads\/2026\/01\/przytulny-69-1024x683.png 1024w, https:\/\/mocnydom.pl\/wp-content\/uploads\/2026\/01\/przytulny-69-300x200.png 300w, https:\/\/mocnydom.pl\/wp-content\/uploads\/2026\/01\/przytulny-69-768x512.png 768w, https:\/\/mocnydom.pl\/wp-content\/uploads\/2026\/01\/przytulny-69.png 1536w\" sizes=\"(max-width: 1024px) 100vw, 1024px\" \/>\t\t\t\t\t\t\t\t<\/a>\n\t\t\t\t\t\t\t\t\t\t\t\t\t\t\t<\/div>\n\t\t\t\t<\/div>\n\t\t\t\t<div class=\"elementor-element elementor-element-3c6ed18 elementor-widget elementor-widget-image\" data-id=\"3c6ed18\" data-element_type=\"widget\" data-e-type=\"widget\" data-widget_type=\"image.default\">\n\t\t\t\t<div class=\"elementor-widget-container\">\n\t\t\t\t\t\t\t\t\t\t\t\t\t\t\t\t<a href=\"https:\/\/mocnydom.pl\/wp-content\/uploads\/2026\/01\/przytulny-69-6x1150-1.png\" data-elementor-open-lightbox=\"yes\" data-elementor-lightbox-title=\"przytulny 69 6x11,50\" data-e-action-hash=\"#elementor-action%3Aaction%3Dlightbox%26settings%3DeyJpZCI6MTc5NSwidXJsIjoiaHR0cHM6XC9cL21vY255ZG9tLnBsXC93cC1jb250ZW50XC91cGxvYWRzXC8yMDI2XC8wMVwvcHJ6eXR1bG55LTY5LTZ4MTE1MC0xLnBuZyJ9\">\n\t\t\t\t\t\t\t<img decoding=\"async\" width=\"1024\" height=\"683\" src=\"https:\/\/mocnydom.pl\/wp-content\/uploads\/2026\/01\/przytulny-69-6x1150-1-1024x683.png\" class=\"attachment-large size-large wp-image-1795\" alt=\"\" srcset=\"https:\/\/mocnydom.pl\/wp-content\/uploads\/2026\/01\/przytulny-69-6x1150-1-1024x683.png 1024w, https:\/\/mocnydom.pl\/wp-content\/uploads\/2026\/01\/przytulny-69-6x1150-1-300x200.png 300w, https:\/\/mocnydom.pl\/wp-content\/uploads\/2026\/01\/przytulny-69-6x1150-1-768x512.png 768w, https:\/\/mocnydom.pl\/wp-content\/uploads\/2026\/01\/przytulny-69-6x1150-1.png 1536w\" sizes=\"(max-width: 1024px) 100vw, 1024px\" \/>\t\t\t\t\t\t\t\t<\/a>\n\t\t\t\t\t\t\t\t\t\t\t\t\t\t\t<\/div>\n\t\t\t\t<\/div>\n\t\t\t\t<\/div>\n\t\t<div class=\"elementor-element elementor-element-4575b4ee e-con-full e-flex e-con e-child\" data-id=\"4575b4ee\" data-element_type=\"container\" data-e-type=\"container\">\n\t\t\t\t<div class=\"elementor-element elementor-element-4072126 elementor-widget elementor-widget-shortcode\" data-id=\"4072126\" data-element_type=\"widget\" data-e-type=\"widget\" data-widget_type=\"shortcode.default\">\n\t\t\t\t<div class=\"elementor-widget-container\">\n\t\t\t\t\t\t\t<div class=\"elementor-shortcode\"><div class=\"forminator-ui forminator-custom-form forminator-custom-form-1216 forminator-design--material  forminator_ajax\" data-forminator-render=\"0\" data-form=\"forminator-module-1216\" data-uid=\"69ef89153a94b\"><br\/><\/div><form\n\t\t\t\tid=\"forminator-module-1216\"\n\t\t\t\tclass=\"forminator-ui forminator-custom-form forminator-custom-form-1216 forminator-design--material  forminator_ajax\"\n\t\t\t\tmethod=\"post\"\n\t\t\t\tdata-forminator-render=\"0\"\n\t\t\t\tdata-form-id=\"1216\"\n\t\t\t\t data-color-option=\"theme\" data-design=\"material\" data-grid=\"open\" style=\"display: none;\"\n\t\t\t\tdata-uid=\"69ef89153a94b\"\n\t\t\t><div role=\"alert\" aria-live=\"polite\" class=\"forminator-response-message forminator-error\" aria-hidden=\"true\"><\/div><div class=\"forminator-row\"><div id=\"name-1\" class=\"forminator-field-name forminator-col forminator-col-12 \"><div class=\"forminator-field\"><input type=\"text\" name=\"name-1\" value=\"\" placeholder=\"Imi\u0119 i nazwisko\" id=\"forminator-field-name-1_69ef89153a94b\" class=\"forminator-input forminator-name--field\" aria-required=\"true\" autocomplete=\"name\" \/><\/div><\/div><\/div><div class=\"forminator-row\"><div id=\"phone-1\" class=\"forminator-field-phone forminator-col forminator-col-12 \"><div class=\"forminator-field\"><label for=\"forminator-field-phone-1_69ef89153a94b\" id=\"forminator-field-phone-1_69ef89153a94b-label\" class=\"forminator-label\">Numer telefonu <span class=\"forminator-required\">*<\/span><\/label><input type=\"text\" name=\"phone-1\" value=\"\" placeholder=\"\" id=\"forminator-field-phone-1_69ef89153a94b\" class=\"forminator-input forminator-field--phone\" data-required=\"1\" aria-required=\"true\" autocomplete=\"off\" data-national_mode=\"enabled\" data-country=\"pl\" data-validation=\"standard\" \/><\/div><\/div><\/div><div class=\"forminator-row\"><div id=\"email-1\" class=\"forminator-field-email forminator-col forminator-col-12 \"><div class=\"forminator-field\"><input type=\"email\" name=\"email-1\" value=\"\" placeholder=\"Adres e-mail\" id=\"forminator-field-email-1_69ef89153a94b\" class=\"forminator-input forminator-email--field\" data-required=\"1\" aria-required=\"true\" autocomplete=\"email\" \/><\/div><\/div><\/div><input type=\"hidden\" name=\"referer_url\" value=\"\" \/><div class=\"forminator-row forminator-row-last\"><div class=\"forminator-col\"><div class=\"forminator-field\"><button class=\"forminator-button forminator-button-submit\"><span>CHC\u0118 ZOBACZY\u0106 WYCEN\u0118<\/span><span aria-hidden=\"true\"><\/span><\/button><\/div><\/div><\/div><input type=\"hidden\" id=\"forminator_nonce\" name=\"forminator_nonce\" value=\"1f600e52ff\" \/><input type=\"hidden\" name=\"_wp_http_referer\" value=\"\/index.php\/wp-json\/wp\/v2\/pages\/331\" \/><input type=\"hidden\" name=\"form_id\" value=\"1216\"><input type=\"hidden\" name=\"page_id\" value=\"331\"><input type=\"hidden\" name=\"form_type\" value=\"default\"><input type=\"hidden\" name=\"current_url\" value=\"https:\/\/mocnydom.pl\/index.php\/dom-a\/\"><input type=\"hidden\" name=\"render_id\" value=\"0\"><input type=\"hidden\" name=\"action\" value=\"forminator_submit_form_custom-forms\"><label for=\"input_4\" class=\"forminator-hidden\" aria-hidden=\"true\">Prosz\u0119 nie wype\u0142nia\u0107 tego pola. <input id=\"input_4\" type=\"text\" name=\"input_4\" value=\"\" autocomplete=\"off\"><\/label><\/form><\/div>\n\t\t\t\t\t\t<\/div>\n\t\t\t\t<\/div>\n\t\t\t\t<div class=\"elementor-element elementor-element-0acd1ae elementor-widget elementor-widget-image\" data-id=\"0acd1ae\" data-element_type=\"widget\" data-e-type=\"widget\" data-widget_type=\"image.default\">\n\t\t\t\t<div class=\"elementor-widget-container\">\n\t\t\t\t\t\t\t\t\t\t\t\t\t\t\t\t<a href=\"https:\/\/mocnydom.pl\/wp-content\/uploads\/2025\/05\/6-x-115-parter.png\" data-elementor-open-lightbox=\"yes\" data-elementor-lightbox-title=\"6 x 11,5 parter\" data-e-action-hash=\"#elementor-action%3Aaction%3Dlightbox%26settings%3DeyJpZCI6MzM3LCJ1cmwiOiJodHRwczpcL1wvbW9jbnlkb20ucGxcL3dwLWNvbnRlbnRcL3VwbG9hZHNcLzIwMjVcLzA1XC82LXgtMTE1LXBhcnRlci5wbmcifQ%3D%3D\">\n\t\t\t\t\t\t\t<img decoding=\"async\" width=\"1024\" height=\"576\" src=\"https:\/\/mocnydom.pl\/wp-content\/uploads\/2025\/05\/6-x-115-parter-1024x576.png\" class=\"attachment-large size-large wp-image-337\" alt=\"\" srcset=\"https:\/\/mocnydom.pl\/wp-content\/uploads\/2025\/05\/6-x-115-parter-1024x576.png 1024w, https:\/\/mocnydom.pl\/wp-content\/uploads\/2025\/05\/6-x-115-parter-300x169.png 300w, https:\/\/mocnydom.pl\/wp-content\/uploads\/2025\/05\/6-x-115-parter-768x432.png 768w, https:\/\/mocnydom.pl\/wp-content\/uploads\/2025\/05\/6-x-115-parter-1536x864.png 1536w, https:\/\/mocnydom.pl\/wp-content\/uploads\/2025\/05\/6-x-115-parter.png 1920w\" sizes=\"(max-width: 1024px) 100vw, 1024px\" \/>\t\t\t\t\t\t\t\t<\/a>\n\t\t\t\t\t\t\t\t\t\t\t\t\t\t\t<\/div>\n\t\t\t\t<\/div>\n\t\t\t\t<\/div>\n\t\t\t\t<\/div>\n\t\t<div class=\"elementor-element elementor-element-4a8a340b e-flex e-con-boxed e-con e-parent\" data-id=\"4a8a340b\" data-element_type=\"container\" data-e-type=\"container\">\n\t\t\t\t\t<div class=\"e-con-inner\">\n\t\t\t\t<div class=\"elementor-element elementor-element-34aeb492 elementor-arrows-position-inside elementor-pagination-position-outside elementor-widget elementor-widget-image-carousel\" data-id=\"34aeb492\" data-element_type=\"widget\" data-e-type=\"widget\" data-settings=\"{&quot;navigation&quot;:&quot;both&quot;,&quot;autoplay&quot;:&quot;yes&quot;,&quot;pause_on_hover&quot;:&quot;yes&quot;,&quot;pause_on_interaction&quot;:&quot;yes&quot;,&quot;autoplay_speed&quot;:5000,&quot;infinite&quot;:&quot;yes&quot;,&quot;speed&quot;:500}\" data-widget_type=\"image-carousel.default\">\n\t\t\t\t<div class=\"elementor-widget-container\">\n\t\t\t\t\t\t\t<div class=\"elementor-image-carousel-wrapper swiper\" role=\"region\" aria-roledescription=\"carousel\" aria-label=\"Karuzela obrazk\u00f3w\" dir=\"ltr\">\n\t\t\t<div class=\"elementor-image-carousel swiper-wrapper\" aria-live=\"off\">\n\t\t\t\t\t\t\t\t<div class=\"swiper-slide\" role=\"group\" aria-roledescription=\"slide\" aria-label=\"1 z 5\"><figure class=\"swiper-slide-inner\"><img decoding=\"async\" class=\"swiper-slide-image\" src=\"https:\/\/mocnydom.pl\/wp-content\/uploads\/elementor\/thumbs\/kuchnia-r917wrlqnf2t4ut5ss77c2hfxviwre34t9x3ahex34.png\" alt=\"Kuchnia\" \/><\/figure><\/div><div class=\"swiper-slide\" role=\"group\" aria-roledescription=\"slide\" aria-label=\"2 z 5\"><figure class=\"swiper-slide-inner\"><img decoding=\"async\" class=\"swiper-slide-image\" src=\"https:\/\/mocnydom.pl\/wp-content\/uploads\/elementor\/thumbs\/lazienka-jasna-r917x104jrfocyfi9w9h1041vq8kwd4g6kfy390zcw.png\" alt=\"\u0141azienka\" \/><\/figure><\/div><div class=\"swiper-slide\" role=\"group\" aria-roledescription=\"slide\" aria-label=\"3 z 5\"><figure class=\"swiper-slide-inner\"><img decoding=\"async\" class=\"swiper-slide-image\" src=\"https:\/\/mocnydom.pl\/wp-content\/uploads\/elementor\/thumbs\/pokoj-dzieciecy-r917x8iu2fpyxu4l1zihky7qmt7ilxyavlntxgptz4.png\" alt=\"Pok\u00f3j\" \/><\/figure><\/div><div class=\"swiper-slide\" role=\"group\" aria-roledescription=\"slide\" aria-label=\"4 z 5\"><figure class=\"swiper-slide-inner\"><img decoding=\"async\" class=\"swiper-slide-image\" src=\"https:\/\/mocnydom.pl\/wp-content\/uploads\/elementor\/thumbs\/salon-kanapa-r917xbccmxttwo0hliqdafi4eytm919hvzmadalngg.jpg\" alt=\"Salon\" \/><\/figure><\/div><div class=\"swiper-slide\" role=\"group\" aria-roledescription=\"slide\" aria-label=\"5 z 5\"><figure class=\"swiper-slide-inner\"><img decoding=\"async\" class=\"swiper-slide-image\" src=\"https:\/\/mocnydom.pl\/wp-content\/uploads\/elementor\/thumbs\/sypialnia-r917xhx7ys2u5xqxj3kr9vucknx6qwzm8w6oq8bw8w.png\" alt=\"Pok\u00f3j\" \/><\/figure><\/div>\t\t\t<\/div>\n\t\t\t\t\t\t\t\t\t\t\t\t<div class=\"elementor-swiper-button elementor-swiper-button-prev\" role=\"button\" tabindex=\"0\">\n\t\t\t\t\t\t<svg aria-hidden=\"true\" class=\"e-font-icon-svg e-eicon-chevron-left\" viewBox=\"0 0 1000 1000\" xmlns=\"http:\/\/www.w3.org\/2000\/svg\"><path d=\"M646 125C629 125 613 133 604 142L308 442C296 454 292 471 292 487 292 504 296 521 308 533L604 854C617 867 629 875 646 875 663 875 679 871 692 858 704 846 713 829 713 812 713 796 708 779 692 767L438 487 692 225C700 217 708 204 708 187 708 171 704 154 692 142 675 129 663 125 646 125Z\"><\/path><\/svg>\t\t\t\t\t<\/div>\n\t\t\t\t\t<div class=\"elementor-swiper-button elementor-swiper-button-next\" role=\"button\" tabindex=\"0\">\n\t\t\t\t\t\t<svg aria-hidden=\"true\" class=\"e-font-icon-svg e-eicon-chevron-right\" viewBox=\"0 0 1000 1000\" xmlns=\"http:\/\/www.w3.org\/2000\/svg\"><path d=\"M696 533C708 521 713 504 713 487 713 471 708 454 696 446L400 146C388 133 375 125 354 125 338 125 325 129 313 142 300 154 292 171 292 187 292 204 296 221 308 233L563 492 304 771C292 783 288 800 288 817 288 833 296 850 308 863 321 871 338 875 354 875 371 875 388 867 400 854L696 533Z\"><\/path><\/svg>\t\t\t\t\t<\/div>\n\t\t\t\t\n\t\t\t\t\t\t\t\t\t<div class=\"swiper-pagination\"><\/div>\n\t\t\t\t\t\t\t\t\t<\/div>\n\t\t\t\t\t\t<\/div>\n\t\t\t\t<\/div>\n\t\t\t\t\t<\/div>\n\t\t\t\t<\/div>\n\t\t\t\t<\/div>\n\t\t","protected":false},"excerpt":{"rendered":"<p>Zobacz opis szczeg\u00f3\u0142owy projektu PRZYTULNY 69<\/p>\n","protected":false},"author":1,"featured_media":0,"parent":0,"menu_order":0,"comment_status":"closed","ping_status":"closed","template":"","meta":{"site-sidebar-layout":"no-sidebar","site-content-layout":"","ast-site-content-layout":"full-width-container","site-content-style":"default","site-sidebar-style":"default","ast-global-header-display":"","ast-banner-title-visibility":"","ast-main-header-display":"","ast-hfb-above-header-display":"","ast-hfb-below-header-display":"","ast-hfb-mobile-header-display":"","site-post-title":"disabled","ast-breadcrumbs-content":"","ast-featured-img":"disabled","footer-sml-layout":"","ast-disable-related-posts":"","theme-transparent-header-meta":"","adv-header-id-meta":"","stick-header-meta":"","header-above-stick-meta":"","header-main-stick-meta":"","header-below-stick-meta":"","astra-migrate-meta-layouts":"default","ast-page-background-enabled":"default","ast-page-background-meta":{"desktop":{"background-color":"var(--ast-global-color-5)","background-image":"","background-repeat":"repeat","background-position":"center center","background-size":"auto","background-attachment":"scroll","background-type":"","background-media":"","overlay-type":"","overlay-color":"","overlay-opacity":"","overlay-gradient":""},"tablet":{"background-color":"","background-image":"","background-repeat":"repeat","background-position":"center center","background-size":"auto","background-attachment":"scroll","background-type":"","background-media":"","overlay-type":"","overlay-color":"","overlay-opacity":"","overlay-gradient":""},"mobile":{"background-color":"","background-image":"","background-repeat":"repeat","background-position":"center center","background-size":"auto","background-attachment":"scroll","background-type":"","background-media":"","overlay-type":"","overlay-color":"","overlay-opacity":"","overlay-gradient":""}},"ast-content-background-meta":{"desktop":{"background-color":"var(--ast-global-color-4)","background-image":"","background-repeat":"repeat","background-position":"center center","background-size":"auto","background-attachment":"scroll","background-type":"","background-media":"","overlay-type":"","overlay-color":"","overlay-opacity":"","overlay-gradient":""},"tablet":{"background-color":"var(--ast-global-color-4)","background-image":"","background-repeat":"repeat","background-position":"center center","background-size":"auto","background-attachment":"scroll","background-type":"","background-media":"","overlay-type":"","overlay-color":"","overlay-opacity":"","overlay-gradient":""},"mobile":{"background-color":"var(--ast-global-color-4)","background-image":"","background-repeat":"repeat","background-position":"center center","background-size":"auto","background-attachment":"scroll","background-type":"","background-media":"","overlay-type":"","overlay-color":"","overlay-opacity":"","overlay-gradient":""}},"footnotes":""},"class_list":["post-331","page","type-page","status-publish","hentry"],"_links":{"self":[{"href":"https:\/\/mocnydom.pl\/index.php\/wp-json\/wp\/v2\/pages\/331","targetHints":{"allow":["GET"]}}],"collection":[{"href":"https:\/\/mocnydom.pl\/index.php\/wp-json\/wp\/v2\/pages"}],"about":[{"href":"https:\/\/mocnydom.pl\/index.php\/wp-json\/wp\/v2\/types\/page"}],"author":[{"embeddable":true,"href":"https:\/\/mocnydom.pl\/index.php\/wp-json\/wp\/v2\/users\/1"}],"replies":[{"embeddable":true,"href":"https:\/\/mocnydom.pl\/index.php\/wp-json\/wp\/v2\/comments?post=331"}],"version-history":[{"count":71,"href":"https:\/\/mocnydom.pl\/index.php\/wp-json\/wp\/v2\/pages\/331\/revisions"}],"predecessor-version":[{"id":1831,"href":"https:\/\/mocnydom.pl\/index.php\/wp-json\/wp\/v2\/pages\/331\/revisions\/1831"}],"wp:attachment":[{"href":"https:\/\/mocnydom.pl\/index.php\/wp-json\/wp\/v2\/media?parent=331"}],"curies":[{"name":"wp","href":"https:\/\/api.w.org\/{rel}","templated":true}]}}